{"id":8206,"date":"2019-03-18T13:26:09","date_gmt":"2019-03-18T13:26:09","guid":{"rendered":"https:\/\/www.cjretailsolutions.co.uk\/home\/"},"modified":"2019-03-19T12:41:39","modified_gmt":"2019-03-19T12:41:39","slug":"home","status":"publish","type":"page","link":"https:\/\/www.cjretailsolutions.co.uk\/de\/","title":{"rendered":"Home"},"content":{"rendered":"<h1 class=\"bantitle\">Experten f\u00fcr Einzelhandelsdisplay-L\u00f6sungen<\/h1>\n<p class=\"subtext\">Mit weltweiten Auszeichnungen bedachte Experten f\u00fcr Audits &amp; Umfragen im Bereich Store Compliance, Installation von Verkaufsdisplays, Einzelhandelspflege, Au\u00dfendienstmarketing und andere Display-L\u00f6sungen f\u00fcr den Einzelhandel in \u00fcber 95 L\u00e4ndern weltweit.<\/p>\n","protected":false},"excerpt":{"rendered":"<p>Experten f\u00fcr Einzelhandelsdisplay-L\u00f6sungen Mit weltweiten Auszeichnungen bedachte Experten f\u00fcr Audits &amp; Umfragen im Bereich Store Compliance, Installation von Verkaufsdisplays, Einzelhandelspflege, Au\u00dfendienstmarketing und andere Display-L\u00f6sungen f\u00fcr den Einzelhandel in \u00fcber 95 L\u00e4ndern weltweit. [&#8230;]<\/p>\n<p><a class=\"btn btn-secondary understrap-read-more-link\" href=\"https:\/\/www.cjretailsolutions.co.uk\/de\/\">Weiterlesen&#8230;<span class=\"screen-reader-text\"> from Home<\/span><\/a><\/p>\n","protected":false},"author":11,"featured_media":0,"parent":0,"menu_order":3,"comment_status":"closed","ping_status":"closed","template":"page-templates\/homepage.php","meta":[],"acf":[],"yoast_head":"<!-- This site is optimized with the Yoast SEO plugin v19.14 - https:\/\/yoast.com\/wordpress\/plugins\/seo\/ -->\n<title>CJ Retail Solutions - Retail Display Installation &amp; Retail Audit Experts<\/title>\n<meta name=\"description\" content=\"Award-winning Retail Solutions including Retail Display Installation, Retail Audit Experts, Field Marketing &amp; POS Installation | Call us 0800 009 4189\" \/>\n<meta name=\"robots\" content=\"index, follow, max-snippet:-1, max-image-preview:large, max-video-preview:-1\" \/>\n<link rel=\"canonical\" href=\"https:\/\/www.cjretailsolutions.co.uk\/de\/\" \/>\n<meta property=\"og:locale\" content=\"de_DE\" \/>\n<meta property=\"og:type\" content=\"article\" \/>\n<meta property=\"og:title\" content=\"CJ Retail Solutions - Retail Display Installation &amp; Retail Audit Experts\" \/>\n<meta property=\"og:description\" content=\"Award-winning Retail Solutions including Retail Display Installation, Retail Audit Experts, Field Marketing &amp; POS Installation | Call us 0800 009 4189\" \/>\n<meta property=\"og:url\" content=\"https:\/\/www.cjretailsolutions.co.uk\/de\/\" \/>\n<meta property=\"og:site_name\" content=\"CJ Retail Solutions\" \/>\n<meta property=\"article:publisher\" content=\"https:\/\/www.facebook.com\/cjretailsolutions\" \/>\n<meta property=\"article:modified_time\" content=\"2019-03-19T12:41:39+00:00\" \/>\n<meta name=\"twitter:card\" content=\"summary_large_image\" \/>\n<meta name=\"twitter:site\" content=\"@CJRSuk\" \/>\n<script type=\"application\/ld+json\" class=\"yoast-schema-graph\">{\"@context\":\"https:\/\/schema.org\",\"@graph\":[{\"@type\":\"WebPage\",\"@id\":\"https:\/\/www.cjretailsolutions.co.uk\/de\/\",\"url\":\"https:\/\/www.cjretailsolutions.co.uk\/de\/\",\"name\":\"CJ Retail Solutions - Retail Display Installation & Retail Audit Experts\",\"isPartOf\":{\"@id\":\"https:\/\/www.cjretailsolutions.co.uk\/#website\"},\"datePublished\":\"2019-03-18T13:26:09+00:00\",\"dateModified\":\"2019-03-19T12:41:39+00:00\",\"description\":\"Award-winning Retail Solutions including Retail Display Installation, Retail Audit Experts, Field Marketing & POS Installation | Call us 0800 009 4189\",\"breadcrumb\":{\"@id\":\"https:\/\/www.cjretailsolutions.co.uk\/de\/#breadcrumb\"},\"inLanguage\":\"de-DE\",\"potentialAction\":[{\"@type\":\"ReadAction\",\"target\":[\"https:\/\/www.cjretailsolutions.co.uk\/de\/\"]}]},{\"@type\":\"BreadcrumbList\",\"@id\":\"https:\/\/www.cjretailsolutions.co.uk\/de\/#breadcrumb\",\"itemListElement\":[{\"@type\":\"ListItem\",\"position\":1,\"name\":\"Home\",\"item\":\"https:\/\/www.cjretailsolutions.co.uk\/de\/\"},{\"@type\":\"ListItem\",\"position\":2,\"name\":\"Home\"}]},{\"@type\":\"WebSite\",\"@id\":\"https:\/\/www.cjretailsolutions.co.uk\/#website\",\"url\":\"https:\/\/www.cjretailsolutions.co.uk\/\",\"name\":\"CJ Retail Solutions\",\"description\":\"Retail Experts\",\"potentialAction\":[{\"@type\":\"SearchAction\",\"target\":{\"@type\":\"EntryPoint\",\"urlTemplate\":\"https:\/\/www.cjretailsolutions.co.uk\/?s={search_term_string}\"},\"query-input\":\"required name=search_term_string\"}],\"inLanguage\":\"de-DE\"}]}<\/script>\n<!-- \/ Yoast SEO plugin. -->","yoast_head_json":{"title":"CJ Retail Solutions - Retail Display Installation & Retail Audit Experts","description":"Award-winning Retail Solutions including Retail Display Installation, Retail Audit Experts, Field Marketing & POS Installation | Call us 0800 009 4189","robots":{"index":"index","follow":"follow","max-snippet":"max-snippet:-1","max-image-preview":"max-image-preview:large","max-video-preview":"max-video-preview:-1"},"canonical":"https:\/\/www.cjretailsolutions.co.uk\/de\/","og_locale":"de_DE","og_type":"article","og_title":"CJ Retail Solutions - Retail Display Installation & Retail Audit Experts","og_description":"Award-winning Retail Solutions including Retail Display Installation, Retail Audit Experts, Field Marketing & POS Installation | Call us 0800 009 4189","og_url":"https:\/\/www.cjretailsolutions.co.uk\/de\/","og_site_name":"CJ Retail Solutions","article_publisher":"https:\/\/www.facebook.com\/cjretailsolutions","article_modified_time":"2019-03-19T12:41:39+00:00","twitter_card":"summary_large_image","twitter_site":"@CJRSuk","schema":{"@context":"https:\/\/schema.org","@graph":[{"@type":"WebPage","@id":"https:\/\/www.cjretailsolutions.co.uk\/de\/","url":"https:\/\/www.cjretailsolutions.co.uk\/de\/","name":"CJ Retail Solutions - Retail Display Installation & Retail Audit Experts","isPartOf":{"@id":"https:\/\/www.cjretailsolutions.co.uk\/#website"},"datePublished":"2019-03-18T13:26:09+00:00","dateModified":"2019-03-19T12:41:39+00:00","description":"Award-winning Retail Solutions including Retail Display Installation, Retail Audit Experts, Field Marketing & POS Installation | Call us 0800 009 4189","breadcrumb":{"@id":"https:\/\/www.cjretailsolutions.co.uk\/de\/#breadcrumb"},"inLanguage":"de-DE","potentialAction":[{"@type":"ReadAction","target":["https:\/\/www.cjretailsolutions.co.uk\/de\/"]}]},{"@type":"BreadcrumbList","@id":"https:\/\/www.cjretailsolutions.co.uk\/de\/#breadcrumb","itemListElement":[{"@type":"ListItem","position":1,"name":"Home","item":"https:\/\/www.cjretailsolutions.co.uk\/de\/"},{"@type":"ListItem","position":2,"name":"Home"}]},{"@type":"WebSite","@id":"https:\/\/www.cjretailsolutions.co.uk\/#website","url":"https:\/\/www.cjretailsolutions.co.uk\/","name":"CJ Retail Solutions","description":"Retail Experts","potentialAction":[{"@type":"SearchAction","target":{"@type":"EntryPoint","urlTemplate":"https:\/\/www.cjretailsolutions.co.uk\/?s={search_term_string}"},"query-input":"required name=search_term_string"}],"inLanguage":"de-DE"}]}},"_links":{"self":[{"href":"https:\/\/www.cjretailsolutions.co.uk\/de\/wp-json\/wp\/v2\/pages\/8206"}],"collection":[{"href":"https:\/\/www.cjretailsolutions.co.uk\/de\/wp-json\/wp\/v2\/pages"}],"about":[{"href":"https:\/\/www.cjretailsolutions.co.uk\/de\/wp-json\/wp\/v2\/types\/page"}],"author":[{"embeddable":true,"href":"https:\/\/www.cjretailsolutions.co.uk\/de\/wp-json\/wp\/v2\/users\/11"}],"replies":[{"embeddable":true,"href":"https:\/\/www.cjretailsolutions.co.uk\/de\/wp-json\/wp\/v2\/comments?post=8206"}],"version-history":[{"count":4,"href":"https:\/\/www.cjretailsolutions.co.uk\/de\/wp-json\/wp\/v2\/pages\/8206\/revisions"}],"predecessor-version":[{"id":8315,"href":"https:\/\/www.cjretailsolutions.co.uk\/de\/wp-json\/wp\/v2\/pages\/8206\/revisions\/8315"}],"wp:attachment":[{"href":"https:\/\/www.cjretailsolutions.co.uk\/de\/wp-json\/wp\/v2\/media?parent=8206"}],"curies":[{"name":"wp","href":"https:\/\/api.w.org\/{rel}","templated":true}]}}