{"id":8212,"date":"2018-01-25T10:52:04","date_gmt":"2018-01-25T10:52:04","guid":{"rendered":"https:\/\/www.cjretailsolutions.co.uk\/accueil\/"},"modified":"2019-03-19T13:26:34","modified_gmt":"2019-03-19T13:26:34","slug":"home","status":"publish","type":"page","link":"https:\/\/www.cjretailsolutions.co.uk\/fr\/","title":{"rendered":"Accueil"},"content":{"rendered":"<h1 class=\"bantitle\">Experts en solutions d&rsquo;\u00e9talage pour le commerce de d\u00e9tail<\/h1>\n<p class=\"subtext\">Experts de renomm\u00e9e internationale en audits et enqu\u00eates de conformit\u00e9, installation d\u2019\u00e9talages en magasin, maintenance en magasin, marketing de terrain et autres solutions d\u2019\u00e9talage en magasin dans plus de 95\u00a0pays r\u00e9partis dans le monde entier.<\/p>\n","protected":false},"excerpt":{"rendered":"<p>Experts en solutions d&rsquo;\u00e9talage pour le commerce de d\u00e9tail Experts de renomm\u00e9e internationale en audits et enqu\u00eates de conformit\u00e9, installation d\u2019\u00e9talages en magasin, maintenance en magasin, marketing de terrain et autres solutions d\u2019\u00e9talage en magasin dans plus de 95\u00a0pays r\u00e9partis dans le monde entier. [&#8230;]<\/p>\n<p><a class=\"btn btn-secondary understrap-read-more-link\" href=\"https:\/\/www.cjretailsolutions.co.uk\/fr\/\">Lire la suite\u2026<span class=\"screen-reader-text\"> from Accueil<\/span><\/a><\/p>\n","protected":false},"author":11,"featured_media":7718,"parent":0,"menu_order":3,"comment_status":"closed","ping_status":"closed","template":"page-templates\/homepage.php","meta":[],"acf":[],"yoast_head":"<!-- This site is optimized with the Yoast SEO plugin v19.14 - https:\/\/yoast.com\/wordpress\/plugins\/seo\/ -->\n<title>CJ Retail Solutions - Retail Display Installation &amp; Retail Audit Experts<\/title>\n<meta name=\"description\" content=\"Award-winning Retail Solutions including Retail Display Installation, Retail Audit Experts, Field Marketing &amp; POS Installation | Call us 0800 009 4189\" \/>\n<meta name=\"robots\" content=\"index, follow, max-snippet:-1, max-image-preview:large, max-video-preview:-1\" \/>\n<link rel=\"canonical\" href=\"https:\/\/www.cjretailsolutions.co.uk\/fr\/\" \/>\n<meta property=\"og:locale\" content=\"fr_FR\" \/>\n<meta property=\"og:type\" content=\"article\" \/>\n<meta property=\"og:title\" content=\"CJ Retail Solutions - Retail Display Installation &amp; Retail Audit Experts\" \/>\n<meta property=\"og:description\" content=\"Award-winning Retail Solutions including Retail Display Installation, Retail Audit Experts, Field Marketing &amp; POS Installation | Call us 0800 009 4189\" \/>\n<meta property=\"og:url\" content=\"https:\/\/www.cjretailsolutions.co.uk\/fr\/\" \/>\n<meta property=\"og:site_name\" content=\"CJ Retail Solutions\" \/>\n<meta property=\"article:publisher\" content=\"https:\/\/www.facebook.com\/cjretailsolutions\" \/>\n<meta property=\"article:modified_time\" content=\"2019-03-19T13:26:34+00:00\" \/>\n<meta property=\"og:image\" content=\"https:\/\/www.cjretailsolutions.co.uk\/wp-content\/uploads\/2018\/11\/CJRS-New-Web-1200x628px.jpg\" \/>\n\t<meta property=\"og:image:width\" content=\"1200\" \/>\n\t<meta property=\"og:image:height\" content=\"628\" \/>\n\t<meta property=\"og:image:type\" content=\"image\/jpeg\" \/>\n<meta name=\"twitter:card\" content=\"summary_large_image\" \/>\n<meta name=\"twitter:site\" content=\"@CJRSuk\" \/>\n<script type=\"application\/ld+json\" class=\"yoast-schema-graph\">{\"@context\":\"https:\/\/schema.org\",\"@graph\":[{\"@type\":\"WebPage\",\"@id\":\"https:\/\/www.cjretailsolutions.co.uk\/fr\/\",\"url\":\"https:\/\/www.cjretailsolutions.co.uk\/fr\/\",\"name\":\"CJ Retail Solutions - Retail Display Installation & Retail Audit Experts\",\"isPartOf\":{\"@id\":\"https:\/\/www.cjretailsolutions.co.uk\/#website\"},\"datePublished\":\"2018-01-25T10:52:04+00:00\",\"dateModified\":\"2019-03-19T13:26:34+00:00\",\"description\":\"Award-winning Retail Solutions including Retail Display Installation, Retail Audit Experts, Field Marketing & POS Installation | Call us 0800 009 4189\",\"breadcrumb\":{\"@id\":\"https:\/\/www.cjretailsolutions.co.uk\/fr\/#breadcrumb\"},\"inLanguage\":\"fr-FR\",\"potentialAction\":[{\"@type\":\"ReadAction\",\"target\":[\"https:\/\/www.cjretailsolutions.co.uk\/fr\/\"]}]},{\"@type\":\"BreadcrumbList\",\"@id\":\"https:\/\/www.cjretailsolutions.co.uk\/fr\/#breadcrumb\",\"itemListElement\":[{\"@type\":\"ListItem\",\"position\":1,\"name\":\"Home\",\"item\":\"https:\/\/www.cjretailsolutions.co.uk\/fr\/\"},{\"@type\":\"ListItem\",\"position\":2,\"name\":\"Accueil\"}]},{\"@type\":\"WebSite\",\"@id\":\"https:\/\/www.cjretailsolutions.co.uk\/#website\",\"url\":\"https:\/\/www.cjretailsolutions.co.uk\/\",\"name\":\"CJ Retail Solutions\",\"description\":\"Retail Experts\",\"potentialAction\":[{\"@type\":\"SearchAction\",\"target\":{\"@type\":\"EntryPoint\",\"urlTemplate\":\"https:\/\/www.cjretailsolutions.co.uk\/?s={search_term_string}\"},\"query-input\":\"required name=search_term_string\"}],\"inLanguage\":\"fr-FR\"}]}<\/script>\n<!-- \/ Yoast SEO plugin. -->","yoast_head_json":{"title":"CJ Retail Solutions - Retail Display Installation & Retail Audit Experts","description":"Award-winning Retail Solutions including Retail Display Installation, Retail Audit Experts, Field Marketing & POS Installation | Call us 0800 009 4189","robots":{"index":"index","follow":"follow","max-snippet":"max-snippet:-1","max-image-preview":"max-image-preview:large","max-video-preview":"max-video-preview:-1"},"canonical":"https:\/\/www.cjretailsolutions.co.uk\/fr\/","og_locale":"fr_FR","og_type":"article","og_title":"CJ Retail Solutions - Retail Display Installation & Retail Audit Experts","og_description":"Award-winning Retail Solutions including Retail Display Installation, Retail Audit Experts, Field Marketing & POS Installation | Call us 0800 009 4189","og_url":"https:\/\/www.cjretailsolutions.co.uk\/fr\/","og_site_name":"CJ Retail Solutions","article_publisher":"https:\/\/www.facebook.com\/cjretailsolutions","article_modified_time":"2019-03-19T13:26:34+00:00","og_image":[{"width":1200,"height":628,"url":"https:\/\/www.cjretailsolutions.co.uk\/wp-content\/uploads\/2018\/11\/CJRS-New-Web-1200x628px.jpg","type":"image\/jpeg"}],"twitter_card":"summary_large_image","twitter_site":"@CJRSuk","schema":{"@context":"https:\/\/schema.org","@graph":[{"@type":"WebPage","@id":"https:\/\/www.cjretailsolutions.co.uk\/fr\/","url":"https:\/\/www.cjretailsolutions.co.uk\/fr\/","name":"CJ Retail Solutions - Retail Display Installation & Retail Audit Experts","isPartOf":{"@id":"https:\/\/www.cjretailsolutions.co.uk\/#website"},"datePublished":"2018-01-25T10:52:04+00:00","dateModified":"2019-03-19T13:26:34+00:00","description":"Award-winning Retail Solutions including Retail Display Installation, Retail Audit Experts, Field Marketing & POS Installation | Call us 0800 009 4189","breadcrumb":{"@id":"https:\/\/www.cjretailsolutions.co.uk\/fr\/#breadcrumb"},"inLanguage":"fr-FR","potentialAction":[{"@type":"ReadAction","target":["https:\/\/www.cjretailsolutions.co.uk\/fr\/"]}]},{"@type":"BreadcrumbList","@id":"https:\/\/www.cjretailsolutions.co.uk\/fr\/#breadcrumb","itemListElement":[{"@type":"ListItem","position":1,"name":"Home","item":"https:\/\/www.cjretailsolutions.co.uk\/fr\/"},{"@type":"ListItem","position":2,"name":"Accueil"}]},{"@type":"WebSite","@id":"https:\/\/www.cjretailsolutions.co.uk\/#website","url":"https:\/\/www.cjretailsolutions.co.uk\/","name":"CJ Retail Solutions","description":"Retail Experts","potentialAction":[{"@type":"SearchAction","target":{"@type":"EntryPoint","urlTemplate":"https:\/\/www.cjretailsolutions.co.uk\/?s={search_term_string}"},"query-input":"required name=search_term_string"}],"inLanguage":"fr-FR"}]}},"_links":{"self":[{"href":"https:\/\/www.cjretailsolutions.co.uk\/fr\/wp-json\/wp\/v2\/pages\/8212"}],"collection":[{"href":"https:\/\/www.cjretailsolutions.co.uk\/fr\/wp-json\/wp\/v2\/pages"}],"about":[{"href":"https:\/\/www.cjretailsolutions.co.uk\/fr\/wp-json\/wp\/v2\/types\/page"}],"author":[{"embeddable":true,"href":"https:\/\/www.cjretailsolutions.co.uk\/fr\/wp-json\/wp\/v2\/users\/11"}],"replies":[{"embeddable":true,"href":"https:\/\/www.cjretailsolutions.co.uk\/fr\/wp-json\/wp\/v2\/comments?post=8212"}],"version-history":[{"count":5,"href":"https:\/\/www.cjretailsolutions.co.uk\/fr\/wp-json\/wp\/v2\/pages\/8212\/revisions"}],"predecessor-version":[{"id":8330,"href":"https:\/\/www.cjretailsolutions.co.uk\/fr\/wp-json\/wp\/v2\/pages\/8212\/revisions\/8330"}],"wp:featuredmedia":[{"embeddable":true,"href":"https:\/\/www.cjretailsolutions.co.uk\/fr\/wp-json\/wp\/v2\/media\/7718"}],"wp:attachment":[{"href":"https:\/\/www.cjretailsolutions.co.uk\/fr\/wp-json\/wp\/v2\/media?parent=8212"}],"curies":[{"name":"wp","href":"https:\/\/api.w.org\/{rel}","templated":true}]}}